{"id":4470,"date":"2023-06-30T08:32:02","date_gmt":"2023-06-30T06:32:02","guid":{"rendered":"https:\/\/omw.um.warszawa.pl\/?page_id=4470"},"modified":"2023-11-29T14:01:38","modified_gmt":"2023-11-29T13:01:38","slug":"dokument-sump","status":"publish","type":"page","link":"https:\/\/omw.um.warszawa.pl\/en\/plan-zrownowazonej-mobilnosci-miejskiej-sump\/dokument-sump\/","title":{"rendered":"(Polski) Gotowy dokument &#8220;Plan zr\u00f3wnowa\u017conej mobilno\u015bci miejskiej dla metropolii warszawskiej 2030+&#8221; (SUMP)"},"content":{"rendered":"<p class=\"qtranxs-available-languages-message qtranxs-available-languages-message-en\">Sorry, this entry is only available in <a href=\"https:\/\/omw.um.warszawa.pl\/pl\/wp-json\/wp\/v2\/pages\/4470\" class=\"qtranxs-available-language-link qtranxs-available-language-link-pl\" title=\"Polski\">Polish<\/a>.<\/p>","protected":false},"excerpt":{"rendered":"<p>Sorry, this entry is only available in Polish.<\/p>\n","protected":false},"author":895523,"featured_media":0,"parent":3779,"menu_order":0,"comment_status":"closed","ping_status":"closed","template":"","meta":[],"_links":{"self":[{"href":"https:\/\/omw.um.warszawa.pl\/en\/wp-json\/wp\/v2\/pages\/4470"}],"collection":[{"href":"https:\/\/omw.um.warszawa.pl\/en\/wp-json\/wp\/v2\/pages"}],"about":[{"href":"https:\/\/omw.um.warszawa.pl\/en\/wp-json\/wp\/v2\/types\/page"}],"author":[{"embeddable":true,"href":"https:\/\/omw.um.warszawa.pl\/en\/wp-json\/wp\/v2\/users\/895523"}],"replies":[{"embeddable":true,"href":"https:\/\/omw.um.warszawa.pl\/en\/wp-json\/wp\/v2\/comments?post=4470"}],"version-history":[{"count":26,"href":"https:\/\/omw.um.warszawa.pl\/en\/wp-json\/wp\/v2\/pages\/4470\/revisions"}],"predecessor-version":[{"id":4683,"href":"https:\/\/omw.um.warszawa.pl\/en\/wp-json\/wp\/v2\/pages\/4470\/revisions\/4683"}],"up":[{"embeddable":true,"href":"https:\/\/omw.um.warszawa.pl\/en\/wp-json\/wp\/v2\/pages\/3779"}],"wp:attachment":[{"href":"https:\/\/omw.um.warszawa.pl\/en\/wp-json\/wp\/v2\/media?parent=4470"}],"curies":[{"name":"wp","href":"https:\/\/api.w.org\/{rel}","templated":true}]}}