{"id":3779,"date":"2022-03-09T10:20:02","date_gmt":"2022-03-09T09:20:02","guid":{"rendered":"https:\/\/omw.um.warszawa.pl\/?page_id=3779"},"modified":"2023-11-29T13:58:51","modified_gmt":"2023-11-29T12:58:51","slug":"plan-zrownowazonej-mobilnosci-miejskiej-sump","status":"publish","type":"page","link":"https:\/\/omw.um.warszawa.pl\/en\/plan-zrownowazonej-mobilnosci-miejskiej-sump\/","title":{"rendered":"(Polski) Plan Zr\u00f3wnowa\u017conej Mobilno\u015bci Miejskiej (SUMP)"},"content":{"rendered":"<p class=\"qtranxs-available-languages-message qtranxs-available-languages-message-en\">Sorry, this entry is only available in <a href=\"https:\/\/omw.um.warszawa.pl\/pl\/wp-json\/wp\/v2\/pages\/3779\" class=\"qtranxs-available-language-link qtranxs-available-language-link-pl\" title=\"Polski\">Polish<\/a>.<\/p>","protected":false},"excerpt":{"rendered":"<p>Sorry, this entry is only available in Polish.<\/p>\n","protected":false},"author":157,"featured_media":0,"parent":0,"menu_order":0,"comment_status":"closed","ping_status":"closed","template":"","meta":[],"_links":{"self":[{"href":"https:\/\/omw.um.warszawa.pl\/en\/wp-json\/wp\/v2\/pages\/3779"}],"collection":[{"href":"https:\/\/omw.um.warszawa.pl\/en\/wp-json\/wp\/v2\/pages"}],"about":[{"href":"https:\/\/omw.um.warszawa.pl\/en\/wp-json\/wp\/v2\/types\/page"}],"author":[{"embeddable":true,"href":"https:\/\/omw.um.warszawa.pl\/en\/wp-json\/wp\/v2\/users\/157"}],"replies":[{"embeddable":true,"href":"https:\/\/omw.um.warszawa.pl\/en\/wp-json\/wp\/v2\/comments?post=3779"}],"version-history":[{"count":31,"href":"https:\/\/omw.um.warszawa.pl\/en\/wp-json\/wp\/v2\/pages\/3779\/revisions"}],"predecessor-version":[{"id":4682,"href":"https:\/\/omw.um.warszawa.pl\/en\/wp-json\/wp\/v2\/pages\/3779\/revisions\/4682"}],"wp:attachment":[{"href":"https:\/\/omw.um.warszawa.pl\/en\/wp-json\/wp\/v2\/media?parent=3779"}],"curies":[{"name":"wp","href":"https:\/\/api.w.org\/{rel}","templated":true}]}}