{"id":2800,"date":"2019-05-02T12:29:01","date_gmt":"2019-05-02T10:29:01","guid":{"rendered":"http:\/\/omw.um.warszawa.pl\/?page_id=2800"},"modified":"2021-06-11T15:30:38","modified_gmt":"2021-06-11T13:30:38","slug":"nowa-perspektywa-finansowa-ue-w-latach-2021-2027","status":"publish","type":"page","link":"https:\/\/omw.um.warszawa.pl\/en\/zintegrowane-inwestycje-terytorialne\/nowa-perspektywa-finansowa-ue-w-latach-2021-2027\/","title":{"rendered":"The new financial perspective for the years 2021-2027"},"content":{"rendered":"<p><strong>Local government bodies are preparing for the next round of competition for EU funds for the future operational programmes. Rafa\u0142 Trzaskowski, Mayor of Warsaw, and Adam Struzik, Marshal of the Mazowieckie Voivodeship, opted for a single operational programme for the Mazowieckie Voivodeship consisting of two components.<\/strong><\/p>\n<p>\u201cAs local government officials from Greater Warsaw, we want to cooperate and take joint responsibility for the development of our region. We would like to be involved in each stage of developing strategic and operational documents for the new financial perspective of the European Union based on a realistic and sensible schedule,\u201d said Rafa\u0142 Trzaskowski, Mayor of Warsaw, and added, \u201cWe appeal for the inclusion in the draft National Regional Development Strategy measures supporting the development of voivodeship cities and their metropolitan areas\u201d.<\/p>\n<p>In the European Union, work is underway on the new budget to be available after 2020. The authorities of Masovia and Warsaw are pointing out that the division of funds and the determination of rules for the years 2021-2027 for Masovia should take into account the new statistical division (valid as of January 2018) into two regions. Please see the Position statement on the common operational programme for the Mazowieckie Voivodeship covering the Warsaw region and the Masovia region. The document is available here:<br \/>\n<a href=\"http:\/\/omw.um.warszawa.pl\/wp-content\/uploads\/2019\/03\/Stanowisko-dot.-wsp\u00f3lnego-programu-operacyjnego-dla-wojew\u00f3dztwa-mazowieckiego.pdf\">Stanowisko dot. wsp\u00f3lnego programu operacyjnego dla wojew\u00f3dztwa mazowieckiego<\/a><\/p>\n<p>The communes and districts of Greater Warsaw are appealing for taking the position of local government bodies into consideration in programming the future financial perspective of the European Union for 2021-2027 and preparing the National Regional Development Strategy 2030 (NRDS). See the position statements:<br \/>\n<a href=\"http:\/\/omw.um.warszawa.pl\/wp-content\/uploads\/2019\/04\/Stanowisko-Ustawa.pdf\">Stanowisko Ustawa<\/a><\/p>\n<p><a href=\"http:\/\/omw.um.warszawa.pl\/wp-content\/uploads\/2019\/04\/Stanowisko-KSRR.pdf\">Stanowisko KSRR<\/a><\/p>\n<p>The draft Strategy for Responsible Development provides for the creation of the so-called ITI PLUS for the 2021-2027 financial perspective. The draft ITI PLUS will be of a strategic significance: \u201cto shape metropolitan development, to improve management, develop organisational improvements in the provision of agglomeration services, and conduct development analyses in the urban functional area, integrating measures funded from various sources, in particular measures outside the scope of tasks related to EU funds implementation\u201d.<\/p>\n<p>See the Position Statement of the Union of Polish Metropolises on preparation for ITI PLUS \u2013 a strategic draft Strategy for Responsible Development:<br \/>\n<a href=\"https:\/\/www.metropolie.pl\/wp-content\/uploads\/2017\/03\/Stanowisko-UMP-ws-ZIT-PLUS.pdf\">Stanowsko UMP ZIT PLUS<\/a><\/p>\n<h1>The communes of the Warsaw Metropolitan Area according to NUTS 2<\/h1>\n<h2>In line with Commission Regulation (EU) 2016\/2066 of 21 November 2016, the Mazowieckie Voivodeship was divided into 2 NUTS2 statistical units. The first was the \u201cWarsaw capital\u201d NUTS level consisting of more than 70 communes: Warsaw and 9 districts near Warsaw (Grodzisk Mazowiecki, Legionowo, Mi\u0144sk Mazowiecki, Nowy Dw\u00f3r Mazowiecki, Piaseczno, Pruszk\u00f3w, West Warsaw and Otwock). The division will form a basis for the implementation of EU funds in the 2020+ financial perspective.<\/h2>\n<h2><\/h2>\n<p>&nbsp;<\/p>\n<h2><\/h2>\n<p><\/p>","protected":false},"excerpt":{"rendered":"<p>Local government bodies are preparing for the next round of competition for EU funds for the future operational programmes. Rafa\u0142 Trzaskowski, Mayor of Warsaw, and Adam Struzik, Marshal of the Mazowieckie Voivodeship, opted for a single operational programme for the Mazowieckie Voivodeship consisting of two components. \u201cAs local government officials from Greater Warsaw, we want [&hellip;]<\/p>\n","protected":false},"author":157,"featured_media":0,"parent":6,"menu_order":0,"comment_status":"closed","ping_status":"closed","template":"","meta":[],"_links":{"self":[{"href":"https:\/\/omw.um.warszawa.pl\/en\/wp-json\/wp\/v2\/pages\/2800"}],"collection":[{"href":"https:\/\/omw.um.warszawa.pl\/en\/wp-json\/wp\/v2\/pages"}],"about":[{"href":"https:\/\/omw.um.warszawa.pl\/en\/wp-json\/wp\/v2\/types\/page"}],"author":[{"embeddable":true,"href":"https:\/\/omw.um.warszawa.pl\/en\/wp-json\/wp\/v2\/users\/157"}],"replies":[{"embeddable":true,"href":"https:\/\/omw.um.warszawa.pl\/en\/wp-json\/wp\/v2\/comments?post=2800"}],"version-history":[{"count":1,"href":"https:\/\/omw.um.warszawa.pl\/en\/wp-json\/wp\/v2\/pages\/2800\/revisions"}],"predecessor-version":[{"id":3601,"href":"https:\/\/omw.um.warszawa.pl\/en\/wp-json\/wp\/v2\/pages\/2800\/revisions\/3601"}],"up":[{"embeddable":true,"href":"https:\/\/omw.um.warszawa.pl\/en\/wp-json\/wp\/v2\/pages\/6"}],"wp:attachment":[{"href":"https:\/\/omw.um.warszawa.pl\/en\/wp-json\/wp\/v2\/media?parent=2800"}],"curies":[{"name":"wp","href":"https:\/\/api.w.org\/{rel}","templated":true}]}}