{"id":1783,"date":"2017-11-05T11:04:19","date_gmt":"2017-11-05T10:04:19","guid":{"rendered":"http:\/\/omw.um.warszawa.pl\/?page_id=1783"},"modified":"2022-11-23T13:40:02","modified_gmt":"2022-11-23T12:40:02","slug":"pozostale-gminy-obszaru-metropolitalnego-warszawy","status":"publish","type":"page","link":"https:\/\/omw.um.warszawa.pl\/en\/programowanie-rozwoju-obszaru-metropolitalnego-warszawy\/pozostale-gminy-obszaru-metropolitalnego-warszawy\/","title":{"rendered":"The communes of the Warsaw Metropolitan Area according to NUTS 2"},"content":{"rendered":"<p><\/p>\n<h2>In line with Commission Regulation (EU) 2016\/2066 of 21 November 2016, the Mazowieckie Voivodeship was divided into 2 NUTS2 statistical units. The first was the \u201cWarsaw capital\u201d NUTS level consisting of more than 70 communes: Warsaw and 9 districts near Warsaw (Grodzisk Mazowiecki, Legionowo, Mi\u0144sk Mazowiecki, Nowy Dw\u00f3r Mazowiecki, Piaseczno, Pruszk\u00f3w, West Warsaw, Otwock and Wo\u0142omin). The division will form a basis for the implementation of EU funds in the 2020+ financial perspective.<\/h2>\n<h2>Below there is a list of communes forming the Warsaw Metropolitan Area according to NUTS2.<\/h2>\n<h2><\/h2>\n<h2>Baran\u00f3w<\/h2>\n<h3>Grodzisk Mazowiecki district<\/h3>\n<p><a href=\"http:\/\/www.gmina-baranow.pl\/\">www.gmina-baranow.pl<\/a><\/p>\n<p>Commune type: <strong>wiejska<\/strong><\/p>\n<h2><\/h2>\n<h2>Gmina B\u0142onie<\/h2>\n<h3>West Warsaw district<\/h3>\n<p><a href=\"http:\/\/www.blonie.pl\/\">www.blonie.pl<\/a><\/p>\n<p>Commune type: <strong>miejsko-wiejska<\/strong><\/p>\n<h2><\/h2>\n<h2>Gmina Brwin\u00f3w<\/h2>\n<h3>Pruszk\u00f3w district<\/h3>\n<p><a href=\"http:\/\/www.brwinow.pl\/\">www.brwinow.pl<\/a><\/p>\n<p>Commune type: <strong>miejsko-wiejska<\/strong><\/p>\n<p>&nbsp;<\/p>\n<h2>\u00a0Gmina Ceg\u0142\u00f3w<\/h2>\n<h3>Mi\u0144sk Mazowiecki district<\/h3>\n<p><a href=\"https:\/\/ceglow.pl\/\">ceglow.pl<\/a><\/p>\n<p>Commune type: <strong>wiejska<\/strong><\/p>\n<h2><\/h2>\n<h2>Gmina Celestyn\u00f3w<\/h2>\n<h3>Otwock district<\/h3>\n<p><a href=\"http:\/\/www.celestynow.pl\/\">www.celestynow.pl<\/a><\/p>\n<p>Commune type:<strong> wiejska<\/strong><\/p>\n<h2><\/h2>\n<h2>Gmina Czosn\u00f3w<\/h2>\n<h3>Nowy Dw\u00f3r Mazowiecki district<\/h3>\n<p><a href=\"http:\/\/www.czosnow.pl\/\">www.czosnow.pl<\/a><\/p>\n<p>Commune type: <strong>wiejska<\/strong><\/p>\n<h2><\/h2>\n<h2>Gmina D\u0105br\u00f3wka<\/h2>\n<h3>Wo\u0142omin district<\/h3>\n<p><a href=\"http:\/\/www.dabrowka.net.pl\/\">www.dabrowka.net.pl<\/a><\/p>\n<p>Commune type: <strong>wiejska<\/strong><\/p>\n<h2><\/h2>\n<h2>Gmina D\u0119be Wielkie<\/h2>\n<h3>Mi\u0144sk Mazowiecki district<\/h3>\n<p><a href=\"http:\/\/www.debewielkie.pl\/\">www.debewielkie.pl<\/a><\/p>\n<p>Commune type: <strong>wiejska<\/strong><\/p>\n<p>&nbsp;<\/p>\n<h2><\/h2>\n<h2>Gmina Dobre<\/h2>\n<h3>Mi\u0144sk Mazowiecki district<\/h3>\n<p><a href=\"http:\/\/www.debewielkie.pl\/\">www.debewielkie.pl<\/a><\/p>\n<p>Commune type: <strong>wiejska<\/strong><\/p>\n<h2><\/h2>\n<h2>Gmina G\u00f3ra Kalwaria<\/h2>\n<h3>Piaseczno district<\/h3>\n<p><a href=\"http:\/\/www.gorakalwaria.pl\/\">www.gorakalwaria.pl<\/a><\/p>\n<p>Commune type: <strong>miejsko-wiejska<\/strong><\/p>\n<p>&nbsp;<\/p>\n<p>&nbsp;<\/p>\n<table id=\"gminy-kafelki\" border=\"0\">\n<tbody>\n<tr>\n<td>\n<h2>Gmina Grodzisk Mazowiecki<\/h2>\n<h3>Grodzisk Mazowiecki district<\/h3>\n<p><a href=\"http:\/\/www.grodzisk.pl\/\">www.grodzisk.pl<\/a><\/p>\n<p>Commune type: <strong>miejsko-wiejska<\/strong><\/p>\n<p>&nbsp;<\/td>\n<\/tr>\n<tr>\n<td>\n<h2><a name=\"halinow\"><\/a>Gmina Halin\u00f3w<\/h2>\n<h3>Mi\u0144sk Mazowiecki district<\/h3>\n<p><a href=\"http:\/\/www.halinow.pl\/\">www.halinow.pl<\/a><\/p>\n<p>Commune type: <strong>miejsko-wiejska<\/strong><\/p>\n<p>&nbsp;<\/td>\n<\/tr>\n<tr>\n<td>\n<h2><a name=\"izabelin\"><\/a>Gmina Izabelin<\/h2>\n<h3>West Warsaw district<\/h3>\n<p><a href=\"http:\/\/izabelin.pl\/\">izabelin.pl<\/a><\/p>\n<p>Commune type:<strong> wiejska<\/strong><\/td>\n<\/tr>\n<tr>\n<td>\n<h2><a name=\"jablonna\"><\/a>Gmina Jab\u0142onna<\/h2>\n<h3>Legionowo district<\/h3>\n<p><a href=\"http:\/\/www.jablonna.pl\/\">www.jablonna.pl<\/a><\/p>\n<p>Commune type:<strong> wiejska<\/strong><\/p>\n<p>&nbsp;<\/td>\n<\/tr>\n<\/tbody>\n<\/table>\n<h2>Gmina Jad\u00f3w<\/h2>\n<h3>Wo\u0142omin district<\/h3>\n<p><a href=\"http:\/\/jadow.az.pl\">jadow.az.pl<\/a><\/p>\n<p>Commune type: <strong>wiejska<\/strong><\/p>\n<p>&nbsp;<\/p>\n<h2>\u00a0Gmina Jaktor\u00f3w<\/h2>\n<h3>Grodzisk Mazowiecki district<\/h3>\n<p><a href=\"http:\/\/www.jaktorow.pl\"> www.jaktorow.pl<\/a><\/p>\n<h3>Commune type: <strong>wiejska<\/strong><\/h3>\n<h2><\/h2>\n<h2>Gmina Jakub\u00f3w<\/h2>\n<h3>Mi\u0144sk Mazowiecki district<\/h3>\n<p><a href=\"http:\/\/jakubow.pl\/\">jakubow.pl\/<\/a><\/p>\n<p>Commune type: <strong>wiejska<\/strong><\/p>\n<h2><\/h2>\n<h2>Gmina J\u00f3zef\u00f3w<\/h2>\n<h3>Otwock district<\/h3>\n<p><a href=\"http:\/\/www.jozefow.pl\/\">www.jozefow.pl<\/a><\/p>\n<p>Commune type: <strong>miejska<\/strong><\/p>\n<h2><\/h2>\n<h2>Gmina Ka\u0142uszyn<\/h2>\n<h3>Mi\u0144sk Mazowiecki district<\/h3>\n<p><a href=\"http:\/\/www.kaluszyn.pl\/\">www.kaluszyn.pl<\/a><\/p>\n<p>Commune type: <strong>miejsko-wiejska<\/strong><\/p>\n<h2><\/h2>\n<h2>Gmina Kampinos<\/h2>\n<h3>West Warsaw district<\/h3>\n<p><a href=\"http:\/\/www.kampinos.pl\/\">www.kampinos.pl<\/a><\/p>\n<p>Commune type: <strong>wiejska<\/strong><\/p>\n<p>&nbsp;<\/p>\n<h2>\u00a0Gmina Karczew<\/h2>\n<h3>Otwock district<\/h3>\n<p><a href=\"http:\/\/www.karczew.pl\/\">www.karczew.pl<\/a><\/p>\n<p>Commune type:<strong> miejsko-wiejska<\/strong><\/p>\n<p>&nbsp;<\/p>\n<h2><\/h2>\n<h2>Gmina Klemb\u00f3w<\/h2>\n<h3>Wo\u0142omin district<\/h3>\n<p><a href=\"http:\/\/www.klembow.pl\/\">www.klembow.pl<\/a><\/p>\n<p>Commune type: <strong>wiejska<\/strong><\/p>\n<p>&nbsp;<\/p>\n<h2>\u00a0Gmina Koby\u0142ka<\/h2>\n<h3>Wo\u0142omin district<\/h3>\n<p><a href=\"http:\/\/um.kobylka.pl\/\">www.kobylka.pl<\/a><\/p>\n<p>Commune type: <strong>miejska<\/strong><\/p>\n<h2><\/h2>\n<h2>Gmina Ko\u0142biel<\/h2>\n<h3>Otwock district<\/h3>\n<p><a href=\"http:\/\/www.kolbiel.pl\/\">www.kolbiel.pl<\/a><\/p>\n<p>Commune type: <strong>wiejska<\/strong><\/p>\n<p>&nbsp;<\/p>\n<h2><\/h2>\n<h2>Gmina Konstancin Jeziorna<\/h2>\n<h3>Piaseczno district<\/h3>\n<p><a href=\"http:\/\/www.konstancinjeziorna.pl\/\">www.konstancinjeziorna.pl<\/a><\/p>\n<div class=\"gmina-caption\"><\/div>\n<p>Commune type: <strong>miejsko-wiejska<\/strong><\/p>\n<h2><\/h2>\n<h2>Gmina Latowicz<\/h2>\n<h3>Mi\u0144sk Mazowiecki district<\/h3>\n<p><a href=\"http:\/\/www.gmina-latowicz.pl\/\">www.gmina-latowicz.pl\/<\/a><\/p>\n<p>Commune type: <strong>wiejska<\/strong><\/p>\n<p>&nbsp;<\/p>\n<table id=\"gminy-kafelki\" border=\"0\">\n<tbody>\n<tr>\n<td>\n<h2>Gmina Legionowo<\/h2>\n<h3>Legionowo district<\/h3>\n<p><a href=\"http:\/\/www.legionowo.pl\/\">www.legionowo.pl<\/a><\/p>\n<p>Commune type: <strong>miejska<\/strong><\/td>\n<\/tr>\n<tr>\n<td><\/td>\n<\/tr>\n<tr>\n<td><\/td>\n<\/tr>\n<\/tbody>\n<\/table>\n<h2>Gmina Leoncin<\/h2>\n<h3>Nowy Dw\u00f3r Mazowiecki district<\/h3>\n<p><a href=\"http:\/\/www.leoncin.pl\/\">www.leoncin.pl<\/a><\/p>\n<p>Commune type:<strong> wiejska<\/strong><\/p>\n<h2><\/h2>\n<h2>Gmina Leszno<\/h2>\n<h3>West Warsaw district<\/h3>\n<p><a href=\"http:\/\/www.gminaleszno.pl\/\">www.gminaleszno.pl <\/a><\/p>\n<p>Commune type: <strong>wiejska<\/strong><\/p>\n<h2><\/h2>\n<h2><a name=\"lesznowola\"><\/a>Gmina Lesznowola<\/h2>\n<h3>Piaseczno district<\/h3>\n<p><a href=\"http:\/\/www.lesznowola.pl\/\">www.lesznowola.pl<\/a><\/p>\n<p>Commune type: <strong>wiejska<\/strong><\/p>\n<p>&nbsp;<\/p>\n<table id=\"gminy-kafelki\" border=\"0\">\n<tbody>\n<tr>\n<td>\n<h2>Gmina \u0141omianki<\/h2>\n<h3>West Warsaw district<\/h3>\n<p><a href=\"https:\/\/www.lomianki.pl\/\">www.lomianki.pl<\/a><\/p>\n<div class=\"gmina-caption\"><\/div>\n<p>Commune type:<strong> miejsko-wiejska<\/strong><\/p>\n<p>&nbsp;<\/td>\n<\/tr>\n<tr>\n<td>\n<h2><a name=\"marki\"><\/a>Gmina Marki<\/h2>\n<h3>Wo\u0142omin district<\/h3>\n<p><a href=\"http:\/\/www.marki.pl\/\">www.marki.pl<\/a><\/p>\n<p>Commune type:<strong> miejska<\/strong><\/td>\n<\/tr>\n<tr>\n<td>\n<h2><a name=\"michalowice\"><\/a>Gmina Micha\u0142owice<\/h2>\n<h3>Pruszk\u00f3w district<\/h3>\n<p><a href=\"http:\/\/www.michalowice.pl\/\">www.michalowice.pl <\/a><\/p>\n<p>Commune type: <strong>wiejska<\/strong><\/p>\n<p>&nbsp;<\/td>\n<\/tr>\n<tr>\n<td>\n<h2><a name=\"milanowek\"><\/a>Gmina Milan\u00f3wek<\/h2>\n<h3>Grodzisk Mazowiecki district<\/h3>\n<p><a href=\"http:\/\/www.milanowek.pl\/\">www.milanowek.pl<\/a><\/p>\n<p>Commune type:<strong> miejska<\/strong><\/p>\n<p>&nbsp;<\/td>\n<\/tr>\n<\/tbody>\n<\/table>\n<h2>Gmina Mi\u0144sk Mazowiecki<\/h2>\n<h3>Mi\u0144sk Mazowiecki district<\/h3>\n<p><a href=\"http:\/\/www.minskmazowiecki.pl\/\">www.minskmazowiecki.pl<\/a><\/p>\n<p>Commune type: <strong>wiejska\u00a0<\/strong><\/p>\n<h2><\/h2>\n<h2>Gmina Mi\u0144sk Mazowiecki<\/h2>\n<h3>Mi\u0144sk Mazowiecki district<\/h3>\n<p><a href=\"http:\/\/www.minsk-maz.pl\/\">www.minsk-maz.pl<\/a><\/p>\n<p>Commune type: <strong>miejska\u00a0<\/strong><\/p>\n<p>&nbsp;<\/p>\n<h2>Gmina Mrozy<\/h2>\n<h3>Mi\u0144sk Mazowiecki district<\/h3>\n<p><a href=\"http:\/\/www.mrozy.pl\">www.mrozy.pl<\/a><\/p>\n<p>Commune type: <strong>miejsko-wiejska\u00a0<\/strong><\/p>\n<h2><\/h2>\n<h2>Gmina Nadarzyn<\/h2>\n<h3>Pruszk\u00f3w district<\/h3>\n<p><a href=\"http:\/\/www.nadarzyn.pl\/\">www.nadarzyn.pl<\/a><\/p>\n<p>Commune type: <strong>wiejska<\/strong><\/p>\n<h2><\/h2>\n<h2>Gmina Nasielsk<\/h2>\n<h3>Nowy Dw\u00f3r Mazowiecki district<\/h3>\n<p><a href=\"https:\/\/www.nasielsk.pl\/\">www.nasielsk.pl<\/a><\/p>\n<p><strong>Commune type: miejsko-wiejska\u00a0<\/strong><\/p>\n<h2><\/h2>\n<h2>Gmina Niepor\u0119t<\/h2>\n<h3>Legionowo district<\/h3>\n<p><a href=\"http:\/\/www.nieporet.pl\/\">www.nieporet.pl <\/a><\/p>\n<p>Commune type: <strong>wiejska<\/strong><\/p>\n<h2><\/h2>\n<h2>Gmina Nowy Dw\u00f3r Mazowiecki<\/h2>\n<h3>Nowy Dw\u00f3r Mazowiecki district<\/h3>\n<p><a href=\"http:\/\/www.nowydwormaz.pl\/\">www.nowydwormaz.pl <\/a><\/p>\n<p><strong>Commune type: miejska<\/strong><\/p>\n<h2><\/h2>\n<h2>Gmina Osieck<\/h2>\n<h3>Otwock district<\/h3>\n<p><a href=\"http:\/\/www.osieck.pl\/\">www.osieck.pl<\/a><\/p>\n<p>Commune type: <strong>wiejska\u00a0<\/strong><\/p>\n<h2><\/h2>\n<h2>Gmina Otwock<\/h2>\n<h3>Otwock district<\/h3>\n<p><a href=\"http:\/\/www.otwock.pl\/\">www.otwock.pl<\/a><\/p>\n<div class=\"gmina-caption\"><\/div>\n<p>Commune type: <strong>miejska<\/strong><\/p>\n<p>&nbsp;<\/p>\n<table id=\"gminy-kafelki\" border=\"0\">\n<tbody>\n<tr>\n<td>\n<h2>Gmina O\u017car\u00f3w Mazowiecki<\/h2>\n<h3>West Warsaw district<\/h3>\n<p><a href=\"http:\/\/www.ozarow-mazowiecki.pl\/\">www.ozarow-mazowiecki.pl<\/a><\/p>\n<p>Commune type: <strong>miejsko-wiejska<\/strong><\/p>\n<p>&nbsp;<\/td>\n<\/tr>\n<tr>\n<td>\n<h2><a name=\"piaseczno\"><\/a>Gmina Piaseczno<\/h2>\n<h3>Piaseczno district<\/h3>\n<p><a href=\"http:\/\/piaseczno.eu\/\">piaseczno.eu<\/a><\/p>\n<p>Commune type: <strong>miejsko-wiejska<\/strong><\/p>\n<p>&nbsp;<\/td>\n<\/tr>\n<tr>\n<td>\n<h2><a name=\"piastow\"><\/a>Gmina Piast\u00f3w<\/h2>\n<h3>Pruszk\u00f3w district<\/h3>\n<p><a href=\"http:\/\/www.piastow.pl\/\">www.piastow.pl<\/a><\/p>\n<p><strong>Commune type: miejska<\/strong><\/p>\n<p>&nbsp;<\/td>\n<\/tr>\n<tr>\n<td>\n<h2><a name=\"podkowa-lesna\"><\/a>Gmina Podkowa Le\u015bna<\/h2>\n<h3>Pruszk\u00f3w district<\/h3>\n<p><a href=\"http:\/\/www.podkowalesna.pl\/\">www.podkowalesna.pl<br \/>\n<\/a>Commune type: <strong>miejska<\/strong><\/p>\n<p>&nbsp;<\/td>\n<\/tr>\n<\/tbody>\n<\/table>\n<h2>Gmina Pomiech\u00f3wek<\/h2>\n<h3>Nowy Dw\u00f3r Mazowiecki district<\/h3>\n<p><a href=\"http:\/\/www.pomiechowek.pl\/\">www.pomiechowek.pl<\/a><\/p>\n<p>Commune type: <strong>wiejska<\/strong><\/p>\n<h2><\/h2>\n<h2>Gmina Po\u015bwi\u0119tne<\/h2>\n<h3>Wo\u0142omin district<\/h3>\n<p><a href=\"http:\/\/www.ugposwietne.pl\/\">www.ugposwietne.pl<\/a><\/p>\n<p>Commune type: <strong>wiejska<\/strong><\/p>\n<p>&nbsp;<\/p>\n<h2><\/h2>\n<h2>Gmina Pra\u017cm\u00f3w<\/h2>\n<h3>Piaseczno district<\/h3>\n<p><a href=\"http:\/\/www.prazmow.pl\">www.prazmow.pl<\/a><\/p>\n<p>Commune type: <strong>wiejska<\/strong><\/p>\n<p>&nbsp;<\/p>\n<table id=\"gminy-kafelki\" border=\"0\">\n<tbody>\n<tr>\n<td>\n<h2>Gmina Pruszk\u00f3w<\/h2>\n<h3>Pruszk\u00f3w district<\/h3>\n<p><a href=\"http:\/\/www.piastow.pl\/\">www.piastow.pl<\/a><\/p>\n<p>Commune type: <strong>miejska<\/strong><\/p>\n<p>&nbsp;<\/td>\n<\/tr>\n<tr>\n<td>\n<h2><a name=\"radzymin\"><\/a>Gmina Radzymin<\/h2>\n<h3>Wo\u0142omin district<\/h3>\n<p><a href=\"http:\/\/www.radzymin.pl\/\">www.radzymin.pl<\/a><\/p>\n<p>Commune type: <strong>miejsko-wiejska<\/strong><\/p>\n<p>&nbsp;<\/td>\n<\/tr>\n<tr>\n<td>\n<h2><a name=\"raszyn\"><\/a>Gmina Raszyn<\/h2>\n<h3>Pruszk\u00f3w district<\/h3>\n<p><a href=\"http:\/\/www.blonie.pl\/\">www.raszyn.pl\u00a0 <\/a><\/p>\n<p>Commune type: <strong>wiejska<\/strong><\/p>\n<p>&nbsp;<\/td>\n<\/tr>\n<\/tbody>\n<\/table>\n<h2>Gmina Serock<\/h2>\n<h3>Legionowo district<\/h3>\n<p><a href=\"http:\/\/www.miasto.serock.pl\/\">www.miasto.serock.pl<\/a><\/p>\n<p>Commune type: <strong>miejsko-wiejska<\/strong><\/p>\n<h2><\/h2>\n<h2>Gmina Siennica<\/h2>\n<h3>Mi\u0144sk Mazowiecki district<\/h3>\n<p><a href=\"http:\/\/siennica.samorzad.pl\/\">siennica.samorzad.pl<\/a><\/p>\n<p>Commune type: <strong>wiejska<\/strong><\/p>\n<h2><\/h2>\n<h2>Gmina Sobienie-Jeziory<\/h2>\n<h3>Otwock district<\/h3>\n<p><a href=\"http:\/\/www.sobieniejeziory.pl\/\">www.sobieniejeziory.pl<\/a><\/p>\n<p>Commune type: <strong>wiejska<\/strong><\/p>\n<h2><\/h2>\n<h2>Gmina Stanis\u0142aw\u00f3w<\/h2>\n<h3>Mi\u0144sk Mazowiecki district<\/h3>\n<p><a href=\"http:\/\/www.stanislawow.pl\/\">www.stanislawow.pl<\/a><\/p>\n<p>Commune type: <strong>wiejska<\/strong><\/p>\n<p>&nbsp;<\/p>\n<h2>Gmina Stare Babice<\/h2>\n<h3>West Warsaw district<\/h3>\n<p><a href=\"http:\/\/www.stare-babice.pl\/\">www.stare-babice.pl<\/a><\/p>\n<div class=\"gmina-caption\"><\/div>\n<p>Commune type: <strong>wiejska<\/strong><\/p>\n<h2><\/h2>\n<h2>Gmina Strach\u00f3wka<\/h2>\n<h3>Wo\u0142omin district<\/h3>\n<p><a href=\"http:\/\/www.strachowka.com.pl\">www.strachowka.com.pl<\/a><\/p>\n<p>Commune type:<strong> wiejska<\/strong><\/p>\n<h2><\/h2>\n<h2>Gmina Sulej\u00f3wek<\/h2>\n<h3>Mi\u0144sk Mazowiecki district<\/h3>\n<p><a href=\"http:\/\/www.sulejowek.pl\/\">www.sulejowek.pl<\/a><\/p>\n<div class=\"gmina-caption\"><\/div>\n<p>Commune type: <strong>miejska<\/strong><\/p>\n<h2><\/h2>\n<h2>Gmina Tarczyn<\/h2>\n<h3>Piaseczno district<\/h3>\n<p><a href=\"http:\/\/www.tarczyn.pl\/\">www.tarczyn.pl<\/a><\/p>\n<p>Commune type: <strong>miejsko-wiejska<\/strong><\/p>\n<h2><\/h2>\n<h2>Gmina T\u0142uszcz<\/h2>\n<h3>Wo\u0142omin district<\/h3>\n<p><a href=\"http:\/\/www.tluszcz.pl\/\">www.tluszcz.pl<\/a><\/p>\n<p>Commune type: <strong>miejsko-wiejska<\/strong><\/p>\n<h2><\/h2>\n<h2>M.st. Warszawa<\/h2>\n<p><a href=\"http:\/\/www.um.warszawa.pl\/\">www.um.warszawa.pl<\/a><\/p>\n<div class=\"gmina-caption\"><\/div>\n<p>Commune type: <strong>city with country rights<br \/>\n<\/strong><\/p>\n<table id=\"gminy-kafelki\" border=\"0\">\n<tbody>\n<tr>\n<td>\n<h2>Gmina Wi\u0105zowna<\/h2>\n<h3>Otwock district<\/h3>\n<p><a href=\"http:\/\/www.wiazowna.pl\/\">www.wiazowna.pl <\/a><\/p>\n<p>Commune type: <strong>wiejska<\/strong><\/p>\n<p>&nbsp;<\/td>\n<\/tr>\n<tr>\n<td>\n<h2><a name=\"wieliszew\"><\/a>Gmina Wieliszew<\/h2>\n<h3>Legionowo district<\/h3>\n<p><a href=\"http:\/\/www.wieliszew.pl\/\">www.wieliszew.pl<\/a><\/p>\n<div class=\"gmina-caption\"><\/div>\n<p>Commune type: <strong>wiejska<\/strong><\/td>\n<\/tr>\n<tr>\n<td>\n<h2><a name=\"wolomin\"><\/a>Gmina Wo\u0142omin<\/h2>\n<h3>Wo\u0142omin district<\/h3>\n<p><a href=\"http:\/\/wolomin.org\/\">wolomin.org <\/a><\/p>\n<p>Commune type: <strong>miejsko-wiejska<\/strong><\/td>\n<\/tr>\n<\/tbody>\n<\/table>\n<h2>Gmina Zakroczym<\/h2>\n<h3>Nowy Dw\u00f3r Mazowiecki district<\/h3>\n<p><a href=\"http:\/\/www.zakroczym.pl\/\">www.zakroczym.pl<\/a><\/p>\n<p>Commune type: <strong>miejsko-wiejska<\/strong><\/p>\n<h2><\/h2>\n<h2>Gmina Z\u0105bki<\/h2>\n<h3>Wo\u0142omin district<\/h3>\n<p><a href=\"http:\/\/www.zabki.pl\/\">www.zabki.pl<\/a><\/p>\n<div class=\"gmina-caption\"><\/div>\n<p>Commune type: <strong>miejska<\/strong><\/p>\n<h2><\/h2>\n<h2>Gmina Zielonka<\/h2>\n<h3>Wo\u0142omin district<\/h3>\n<p><a href=\"http:\/\/www.zielonka.pl\/\">www.zielonka.pl<\/a><\/p>\n<div class=\"gmina-caption\"><\/div>\n<p>Commune type: <strong>miejska<\/strong><\/p>\n<h2><\/h2>\n<h2>Gmina \u017babia Wola<\/h2>\n<h3>Grodzisk Mazowiecki district<\/h3>\n<p><a href=\"http:\/\/www.zabiawola.pl\/\">www.zabiawola.p<\/a><a href=\"http:\/\/www.zabiawola.pl\/\">l<\/a><\/p>\n<p>Commune type: <strong>wiejska<\/strong><\/p>\n<h2><\/h2>\n<p>&nbsp;<\/p>","protected":false},"excerpt":{"rendered":"<p>In line with Commission Regulation (EU) 2016\/2066 of 21 November 2016, the Mazowieckie Voivodeship was divided into 2 NUTS2 statistical units. The first was the \u201cWarsaw capital\u201d NUTS level consisting of more than 70 communes: Warsaw and 9 districts near Warsaw (Grodzisk Mazowiecki, Legionowo, Mi\u0144sk Mazowiecki, Nowy Dw\u00f3r Mazowiecki, Piaseczno, Pruszk\u00f3w, West Warsaw, Otwock and [&hellip;]<\/p>\n","protected":false},"author":157,"featured_media":0,"parent":4,"menu_order":0,"comment_status":"closed","ping_status":"closed","template":"","meta":[],"_links":{"self":[{"href":"https:\/\/omw.um.warszawa.pl\/en\/wp-json\/wp\/v2\/pages\/1783"}],"collection":[{"href":"https:\/\/omw.um.warszawa.pl\/en\/wp-json\/wp\/v2\/pages"}],"about":[{"href":"https:\/\/omw.um.warszawa.pl\/en\/wp-json\/wp\/v2\/types\/page"}],"author":[{"embeddable":true,"href":"https:\/\/omw.um.warszawa.pl\/en\/wp-json\/wp\/v2\/users\/157"}],"replies":[{"embeddable":true,"href":"https:\/\/omw.um.warszawa.pl\/en\/wp-json\/wp\/v2\/comments?post=1783"}],"version-history":[{"count":3,"href":"https:\/\/omw.um.warszawa.pl\/en\/wp-json\/wp\/v2\/pages\/1783\/revisions"}],"predecessor-version":[{"id":4274,"href":"https:\/\/omw.um.warszawa.pl\/en\/wp-json\/wp\/v2\/pages\/1783\/revisions\/4274"}],"up":[{"embeddable":true,"href":"https:\/\/omw.um.warszawa.pl\/en\/wp-json\/wp\/v2\/pages\/4"}],"wp:attachment":[{"href":"https:\/\/omw.um.warszawa.pl\/en\/wp-json\/wp\/v2\/media?parent=1783"}],"curies":[{"name":"wp","href":"https:\/\/api.w.org\/{rel}","templated":true}]}}